{"id":2,"date":"2016-05-10T03:48:21","date_gmt":"2016-05-10T06:48:21","guid":{"rendered":"http:\/\/floresdoaterrodoflamengo.com.br\/?page_id=2"},"modified":"2021-11-02T18:28:41","modified_gmt":"2021-11-02T21:28:41","slug":"sample-page","status":"publish","type":"page","link":"https:\/\/www.floresdoaterro.com\/?page_id=2","title":{"rendered":"Flores do aterro do Flamengo"},"content":{"rendered":"\t\t<div data-elementor-type=\"wp-page\" data-elementor-id=\"2\" class=\"elementor elementor-2\">\n\t\t\t\t\t\t<section class=\"elementor-section elementor-top-section elementor-element elementor-element-7fb0812e elementor-section-boxed elementor-section-height-default elementor-section-height-default\" data-id=\"7fb0812e\" data-element_type=\"section\" data-e-type=\"section\">\n\t\t\t\t\t\t<div class=\"elementor-container elementor-column-gap-default\">\n\t\t\t\t\t<div class=\"elementor-column elementor-col-100 elementor-top-column elementor-element elementor-element-542e41c5\" data-id=\"542e41c5\" data-element_type=\"column\" data-e-type=\"column\">\n\t\t\t<div class=\"elementor-widget-wrap elementor-element-populated\">\n\t\t\t\t\t\t<div class=\"elementor-element elementor-element-2745149e elementor-widget elementor-widget-text-editor\" data-id=\"2745149e\" data-element_type=\"widget\" data-e-type=\"widget\" data-widget_type=\"text-editor.default\">\n\t\t\t\t<div class=\"elementor-widget-container\">\n\t\t\t\t\t\t\t\t\t<h3>A riqueza internacional da vegeta\u00e7\u00e3o do Aterro<\/h3>\n<p>O projeto paisag\u00edstico do aterro do Flamengo de Roberto Burle Marx buscou reunir \u00e1rvores de diversas partes do mundo que se adaptassem ao local, solo e clima do Aterro. O resultado desse magn\u00edfico trabalho persiste at\u00e9 hoje.<\/p>\n<p>Recolhemos fotos das flores do Aterro e pretendemos utiliz\u00e1-las como uma esp\u00e9cie de calend\u00e1rio floral ao longo dos meses, em paralelo, iremos explorando algumas curiosidades. A primeira delas foi o Hibisco e suas flores rodopiantes.<\/p>\n<p>Como adiantamento, apresentamos tamb\u00e9m alguns filminhos montados a partir dessas fotografias.<\/p>\n<p>\u00a0<\/p>\n<p><\/p>\n<p><\/p>\t\t\t\t\t\t\t\t<\/div>\n\t\t\t\t<\/div>\n\t\t\t\t\t<\/div>\n\t\t<\/div>\n\t\t\t\t\t<\/div>\n\t\t<\/section>\n\t\t\t\t<section class=\"elementor-section elementor-top-section elementor-element elementor-element-0cf8a8a elementor-section-boxed elementor-section-height-default elementor-section-height-default\" data-id=\"0cf8a8a\" data-element_type=\"section\" data-e-type=\"section\">\n\t\t\t\t\t\t<div class=\"elementor-container elementor-column-gap-default\">\n\t\t\t\t\t<div class=\"elementor-column elementor-col-100 elementor-top-column elementor-element elementor-element-979c69c\" data-id=\"979c69c\" data-element_type=\"column\" data-e-type=\"column\">\n\t\t\t<div class=\"elementor-widget-wrap elementor-element-populated\">\n\t\t\t\t\t\t<div class=\"elementor-element elementor-element-af02d46 elementor-widget elementor-widget-video\" data-id=\"af02d46\" data-element_type=\"widget\" data-e-type=\"widget\" data-settings=\"{&quot;youtube_url&quot;:&quot;https:\\\/\\\/youtu.be\\\/liGYungcJV4&quot;,&quot;video_type&quot;:&quot;youtube&quot;,&quot;controls&quot;:&quot;yes&quot;}\" data-widget_type=\"video.default\">\n\t\t\t\t<div class=\"elementor-widget-container\">\n\t\t\t\t\t\t\t<div class=\"elementor-wrapper elementor-open-inline\">\n\t\t\t<div class=\"elementor-video\"><\/div>\t\t<\/div>\n\t\t\t\t\t\t<\/div>\n\t\t\t\t<\/div>\n\t\t\t\t\t<\/div>\n\t\t<\/div>\n\t\t\t\t\t<\/div>\n\t\t<\/section>\n\t\t\t\t<section class=\"elementor-section elementor-top-section elementor-element elementor-element-758c2d8 elementor-section-boxed elementor-section-height-default elementor-section-height-default\" data-id=\"758c2d8\" data-element_type=\"section\" data-e-type=\"section\">\n\t\t\t\t\t\t<div class=\"elementor-container elementor-column-gap-default\">\n\t\t\t\t\t<div class=\"elementor-column elementor-col-100 elementor-top-column elementor-element elementor-element-0587614\" data-id=\"0587614\" data-element_type=\"column\" data-e-type=\"column\">\n\t\t\t<div class=\"elementor-widget-wrap elementor-element-populated\">\n\t\t\t\t\t\t<div class=\"elementor-element elementor-element-261aa1c elementor-widget elementor-widget-video\" data-id=\"261aa1c\" data-element_type=\"widget\" data-e-type=\"widget\" data-settings=\"{&quot;youtube_url&quot;:&quot;https:\\\/\\\/youtu.be\\\/X6057I-rUiI&quot;,&quot;video_type&quot;:&quot;youtube&quot;,&quot;controls&quot;:&quot;yes&quot;}\" data-widget_type=\"video.default\">\n\t\t\t\t<div class=\"elementor-widget-container\">\n\t\t\t\t\t\t\t<div class=\"elementor-wrapper elementor-open-inline\">\n\t\t\t<div class=\"elementor-video\"><\/div>\t\t<\/div>\n\t\t\t\t\t\t<\/div>\n\t\t\t\t<\/div>\n\t\t\t\t\t<\/div>\n\t\t<\/div>\n\t\t\t\t\t<\/div>\n\t\t<\/section>\n\t\t\t\t<\/div>\n\t\t","protected":false},"excerpt":{"rendered":"<p>A riqueza internacional da vegeta\u00e7\u00e3o do Aterro O projeto paisag\u00edstico do aterro do Flamengo de Roberto Burle Marx buscou reunir \u00e1rvores de diversas partes do mundo que se adaptassem ao local, solo e clima do Aterro. O resultado desse magn\u00edfico<\/p>\n","protected":false},"author":1,"featured_media":0,"parent":0,"menu_order":0,"comment_status":"open","ping_status":"closed","template":"","meta":{"footnotes":""},"class_list":["post-2","page","type-page","status-publish","hentry"],"_links":{"self":[{"href":"https:\/\/www.floresdoaterro.com\/index.php?rest_route=\/wp\/v2\/pages\/2","targetHints":{"allow":["GET"]}}],"collection":[{"href":"https:\/\/www.floresdoaterro.com\/index.php?rest_route=\/wp\/v2\/pages"}],"about":[{"href":"https:\/\/www.floresdoaterro.com\/index.php?rest_route=\/wp\/v2\/types\/page"}],"author":[{"embeddable":true,"href":"https:\/\/www.floresdoaterro.com\/index.php?rest_route=\/wp\/v2\/users\/1"}],"replies":[{"embeddable":true,"href":"https:\/\/www.floresdoaterro.com\/index.php?rest_route=%2Fwp%2Fv2%2Fcomments&post=2"}],"version-history":[{"count":62,"href":"https:\/\/www.floresdoaterro.com\/index.php?rest_route=\/wp\/v2\/pages\/2\/revisions"}],"predecessor-version":[{"id":600,"href":"https:\/\/www.floresdoaterro.com\/index.php?rest_route=\/wp\/v2\/pages\/2\/revisions\/600"}],"wp:attachment":[{"href":"https:\/\/www.floresdoaterro.com\/index.php?rest_route=%2Fwp%2Fv2%2Fmedia&parent=2"}],"curies":[{"name":"wp","href":"https:\/\/api.w.org\/{rel}","templated":true}]}}